{"id":55,"date":"2022-01-29T12:09:32","date_gmt":"2022-01-29T12:09:32","guid":{"rendered":"https:\/\/sustain2022.webs.upv.es\/?page_id=55"},"modified":"2022-05-17T07:15:00","modified_gmt":"2022-05-17T07:15:00","slug":"scientific-committee","status":"publish","type":"page","link":"https:\/\/sustain2022.webs.upv.es\/index.php\/sample-page\/scientific-committee\/","title":{"rendered":"Scientific Committee"},"content":{"rendered":"\n<table id=\"tablepress-7\" class=\"tablepress tablepress-id-7\">\n<tbody class=\"row-striping row-hover\">\n<tr class=\"row-1\">\n\t<td class=\"column-1\">Marc<\/td><td class=\"column-2\">Bierkens<\/td><td class=\"column-3\">Utrecht University<\/td><td class=\"column-4\">The Netherlands<\/td>\n<\/tr>\n<tr class=\"row-2\">\n\t<td class=\"column-1\">Adriana<\/td><td class=\"column-2\">Bruggeman<\/td><td class=\"column-3\">The Cyprus Institute<\/td><td class=\"column-4\">Cyprus<\/td>\n<\/tr>\n<tr class=\"row-3\">\n\t<td class=\"column-1\">Philip<\/td><td class=\"column-2\">Brunner<\/td><td class=\"column-3\">Universit\u00e9 de Neuch\u00e2tel<\/td><td class=\"column-4\">Switzerland<\/td>\n<\/tr>\n<tr class=\"row-4\">\n\t<td class=\"column-1\">Nadim<\/td><td class=\"column-2\">Copty<\/td><td class=\"column-3\">Bogazici University<\/td><td class=\"column-4\">Turkey<\/td>\n<\/tr>\n<tr class=\"row-5\">\n\t<td class=\"column-1\">Wolfgang<\/td><td class=\"column-2\">Cramer<\/td><td class=\"column-3\">Institut M\u00e9diterran\u00e9en de Biodiversit\u00e9 et d\u2019Ecologie marine et continentale<\/td><td class=\"column-4\">France<\/td>\n<\/tr>\n<tr class=\"row-6\">\n\t<td class=\"column-1\">Peter<\/td><td class=\"column-2\">Dietrich<\/td><td class=\"column-3\">UFZ<\/td><td class=\"column-4\">Germany<\/td>\n<\/tr>\n<tr class=\"row-7\">\n\t<td class=\"column-1\">Jay<\/td><td class=\"column-2\">Famiglietti<\/td><td class=\"column-3\">University of Saskatchewan<\/td><td class=\"column-4\">Canada<\/td>\n<\/tr>\n<tr class=\"row-8\">\n\t<td class=\"column-1\">Claudia<\/td><td class=\"column-2\">Faunt<\/td><td class=\"column-3\">United States Geological Survey<\/td><td class=\"column-4\">USA<\/td>\n<\/tr>\n<tr class=\"row-9\">\n\t<td class=\"column-1\">Burke<\/td><td class=\"column-2\">Griggs<\/td><td class=\"column-3\">Washburn School of Law<\/td><td class=\"column-4\">USA<\/td>\n<\/tr>\n<tr class=\"row-10\">\n\t<td class=\"column-1\">Thomas<\/td><td class=\"column-2\">Harter<\/td><td class=\"column-3\">University of California at Davis<\/td><td class=\"column-4\">USA<\/td>\n<\/tr>\n<tr class=\"row-11\">\n\t<td class=\"column-1\">Harrie-Jan<\/td><td class=\"column-2\">Hendricks Franssen<\/td><td class=\"column-3\">Helmholtz Centre for Environmental Research<\/td><td class=\"column-4\">Germany<\/td>\n<\/tr>\n<tr class=\"row-12\">\n\t<td class=\"column-1\">Georges<\/td><td class=\"column-2\">Karatzas<\/td><td class=\"column-3\">Technical University of Crete<\/td><td class=\"column-4\">Greece<\/td>\n<\/tr>\n<tr class=\"row-13\">\n\t<td class=\"column-1\">Venkat<\/td><td class=\"column-2\">Lakshmi<\/td><td class=\"column-3\">University of Virginia<\/td><td class=\"column-4\">USA<\/td>\n<\/tr>\n<tr class=\"row-14\">\n\t<td class=\"column-1\">Di<\/td><td class=\"column-2\">Long<\/td><td class=\"column-3\">Tsinghua University<\/td><td class=\"column-4\">China<\/td>\n<\/tr>\n<tr class=\"row-15\">\n\t<td class=\"column-1\">Gretchen<\/td><td class=\"column-2\">Miller<\/td><td class=\"column-3\">Texas A&amp;M<\/td><td class=\"column-4\">USA<\/td>\n<\/tr>\n<tr class=\"row-16\">\n\t<td class=\"column-1\">Thomas<\/td><td class=\"column-2\">Missimer<\/td><td class=\"column-3\">Florida Gulf Coast University<\/td><td class=\"column-4\">USA<\/td>\n<\/tr>\n<tr class=\"row-17\">\n\t<td class=\"column-1\">Nils<\/td><td class=\"column-2\">Moosdorf<\/td><td class=\"column-3\">Leibniz Centre for Tropical Marine Research - ZMT<\/td><td class=\"column-4\">Germany<\/td>\n<\/tr>\n<tr class=\"row-18\">\n\t<td class=\"column-1\">Manuel<\/td><td class=\"column-2\">Pulido-Velzaquez<\/td><td class=\"column-3\">Universitat Polit\u00e8cnica de Val\u00e8ncia<\/td><td class=\"column-4\">Spain<\/td>\n<\/tr>\n<tr class=\"row-19\">\n\t<td class=\"column-1\">Robert<\/td><td class=\"column-2\">Reinecke<\/td><td class=\"column-3\">International Center of Water Resources and Global Change<\/td><td class=\"column-4\">Germany<\/td>\n<\/tr>\n<tr class=\"row-20\">\n\t<td class=\"column-1\">Ali<\/td><td class=\"column-2\">Saysel<\/td><td class=\"column-3\">Bogazici University<\/td><td class=\"column-4\">Turkey<\/td>\n<\/tr>\n<tr class=\"row-21\">\n\t<td class=\"column-1\">Bridget<\/td><td class=\"column-2\">Scanlon<\/td><td class=\"column-3\">The University of Texas at Austin<\/td><td class=\"column-4\">USA<\/td>\n<\/tr>\n<tr class=\"row-22\">\n\t<td class=\"column-1\">Timothy<\/td><td class=\"column-2\">Scheibe<\/td><td class=\"column-3\">Pacific Northwest Laboratories<\/td><td class=\"column-4\">USA<\/td>\n<\/tr>\n<tr class=\"row-23\">\n\t<td class=\"column-1\">Maria Giovanna<\/td><td class=\"column-2\">Tanda<\/td><td class=\"column-3\">Universit\u00e0 di Parma<\/td><td class=\"column-4\">Italy<\/td>\n<\/tr>\n<\/tbody>\n<\/table>\n<!-- #tablepress-7 from cache -->\n","protected":false},"excerpt":{"rendered":"","protected":false},"author":1,"featured_media":0,"parent":2,"menu_order":0,"comment_status":"closed","ping_status":"closed","template":"","meta":{"footnotes":""},"class_list":["post-55","page","type-page","status-publish","hentry"],"_links":{"self":[{"href":"https:\/\/sustain2022.webs.upv.es\/index.php\/wp-json\/wp\/v2\/pages\/55","targetHints":{"allow":["GET"]}}],"collection":[{"href":"https:\/\/sustain2022.webs.upv.es\/index.php\/wp-json\/wp\/v2\/pages"}],"about":[{"href":"https:\/\/sustain2022.webs.upv.es\/index.php\/wp-json\/wp\/v2\/types\/page"}],"author":[{"embeddable":true,"href":"https:\/\/sustain2022.webs.upv.es\/index.php\/wp-json\/wp\/v2\/users\/1"}],"replies":[{"embeddable":true,"href":"https:\/\/sustain2022.webs.upv.es\/index.php\/wp-json\/wp\/v2\/comments?post=55"}],"version-history":[{"count":3,"href":"https:\/\/sustain2022.webs.upv.es\/index.php\/wp-json\/wp\/v2\/pages\/55\/revisions"}],"predecessor-version":[{"id":229,"href":"https:\/\/sustain2022.webs.upv.es\/index.php\/wp-json\/wp\/v2\/pages\/55\/revisions\/229"}],"up":[{"embeddable":true,"href":"https:\/\/sustain2022.webs.upv.es\/index.php\/wp-json\/wp\/v2\/pages\/2"}],"wp:attachment":[{"href":"https:\/\/sustain2022.webs.upv.es\/index.php\/wp-json\/wp\/v2\/media?parent=55"}],"curies":[{"name":"wp","href":"https:\/\/api.w.org\/{rel}","templated":true}]}}